{"id":3,"date":"2025-03-08T14:57:49","date_gmt":"2025-03-08T14:57:49","guid":{"rendered":"http:\/\/promoprem.com\/?page_id=3"},"modified":"2025-03-17T22:20:42","modified_gmt":"2025-03-17T20:20:42","slug":"integritetspolicy","status":"publish","type":"page","link":"https:\/\/promoprem.com\/ar\/integritetspolicy\/","title":{"rendered":"Integritetspolicy"},"content":{"rendered":"<div data-elementor-type=\"wp-page\" data-elementor-id=\"3\" class=\"elementor elementor-3\">\n\t\t\t\t<div class=\"elementor-element elementor-element-cfd7cff e-flex e-con-boxed e-con e-parent\" data-id=\"cfd7cff\" data-element_type=\"container\">\n\t\t\t\t\t<div class=\"e-con-inner\">\n\t\t\t\t<div class=\"elementor-element elementor-element-3d80ea14 elementor-widget elementor-widget-text-editor\" data-id=\"3d80ea14\" data-element_type=\"widget\" data-widget_type=\"text-editor.default\">\n\t\t\t\t<div class=\"elementor-widget-container\">\n\t\t\t\t\t\t\t\t\t\n<p data-start=\"23\" data-end=\"54\"><em data-start=\"23\" data-end=\"54\">Senast uppdaterad: 2025-03-08<\/em><\/p>\n<p data-start=\"56\" data-end=\"253\">P\u00e5 Promo Prem v\u00e4rdes\u00e4tter vi v\u00e5ra kunders och bes\u00f6kares integritet. Denna sida f\u00f6rklarar hur vi samlar in, anv\u00e4nder och skyddar dina personuppgifter n\u00e4r du anv\u00e4nder v\u00e5r webbplats och v\u00e5ra tj\u00e4nster.<\/p>\n<hr data-start=\"255\" data-end=\"258\" \/>\n<p data-start=\"260\" data-end=\"291\"><strong data-start=\"260\" data-end=\"291\">1. Insamling av information<\/strong><\/p>\n<p data-start=\"293\" data-end=\"353\">N\u00e4r du anv\u00e4nder v\u00e5r webbplats kan vi samla in f\u00f6ljande data:<\/p>\n<ul data-start=\"355\" data-end=\"787\">\n<li data-start=\"355\" data-end=\"521\"><strong data-start=\"357\" data-end=\"398\">Information du tillhandah\u00e5ller direkt<\/strong>: Som namn, e-postadress, telefonnummer och leveransadress n\u00e4r du g\u00f6r en best\u00e4llning eller prenumererar p\u00e5 v\u00e5rt nyhetsbrev.<\/li>\n<li data-start=\"522\" data-end=\"667\"><strong data-start=\"524\" data-end=\"565\">Information som samlas in automatiskt<\/strong>: Som IP-adress, webbl\u00e4sartyp, sidor du bes\u00f6ker och surfm\u00f6nster f\u00f6r att f\u00f6rb\u00e4ttra anv\u00e4ndarupplevelsen.<\/li>\n<li data-start=\"668\" data-end=\"787\"><strong data-start=\"670\" data-end=\"695\">Betalningsinformation<\/strong>: Hanteras s\u00e4kert via godk\u00e4nda betalningsportaler; vi lagrar inte dina kreditkortsuppgifter.<\/li>\n<\/ul>\n<hr data-start=\"789\" data-end=\"792\" \/>\n<p data-start=\"794\" data-end=\"830\"><strong data-start=\"794\" data-end=\"830\">2. Hur vi anv\u00e4nder informationen<\/strong><\/p>\n<p data-start=\"832\" data-end=\"886\">Vi anv\u00e4nder dina personuppgifter f\u00f6r f\u00f6ljande \u00e4ndam\u00e5l:<\/p>\n<ul data-start=\"888\" data-end=\"1285\">\n<li data-start=\"888\" data-end=\"1009\"><strong data-start=\"890\" data-end=\"934\">Behandling av best\u00e4llningar och leverans<\/strong>: F\u00f6r att s\u00e4kerst\u00e4lla korrekt hantering och leverans av dina best\u00e4llningar.<\/li>\n<li data-start=\"1010\" data-end=\"1116\"><strong data-start=\"1012\" data-end=\"1044\">F\u00f6rb\u00e4ttring av v\u00e5ra tj\u00e4nster<\/strong>: Genom att analysera surfm\u00f6nster f\u00f6r att f\u00f6rb\u00e4ttra anv\u00e4ndarupplevelsen.<\/li>\n<li data-start=\"1117\" data-end=\"1204\"><strong data-start=\"1119\" data-end=\"1137\">Marknadsf\u00f6ring<\/strong>: F\u00f6r att skicka erbjudanden och uppdateringar (med ditt samtycke).<\/li>\n<li data-start=\"1205\" data-end=\"1285\"><strong data-start=\"1207\" data-end=\"1219\">S\u00e4kerhet<\/strong>: F\u00f6r att skydda anv\u00e4ndare mot bedr\u00e4geri eller olaglig anv\u00e4ndning.<\/li>\n<\/ul>\n<hr data-start=\"1287\" data-end=\"1290\" \/>\n<p data-start=\"1292\" data-end=\"1321\"><strong data-start=\"1292\" data-end=\"1321\">3. Delning av information<\/strong><\/p>\n<p data-start=\"1323\" data-end=\"1405\">Vi s\u00e4ljer eller hyr inte ut dina uppgifter till tredje part, men kan dela dem med:<\/p>\n<ul data-start=\"1407\" data-end=\"1579\">\n<li data-start=\"1407\" data-end=\"1458\"><strong data-start=\"1409\" data-end=\"1425\">Fraktf\u00f6retag<\/strong>: F\u00f6r att leverera best\u00e4llningar.<\/li>\n<li data-start=\"1459\" data-end=\"1525\"><strong data-start=\"1461\" data-end=\"1487\">Betalningsleverant\u00f6rer<\/strong>: F\u00f6r att behandla betalningar s\u00e4kert.<\/li>\n<li data-start=\"1526\" data-end=\"1579\"><strong data-start=\"1528\" data-end=\"1553\">R\u00e4ttsliga myndigheter<\/strong>: Om det kr\u00e4vs enligt lag.<\/li>\n<\/ul>\n<hr data-start=\"1581\" data-end=\"1584\" \/>\n<p data-start=\"1586\" data-end=\"1600\"><strong data-start=\"1586\" data-end=\"1600\">4. Cookies<\/strong><\/p>\n<p data-start=\"1602\" data-end=\"1736\">Vi anv\u00e4nder cookies f\u00f6r att f\u00f6rb\u00e4ttra din surfupplevelse och anpassa annonser. Du kan hantera cookie-inst\u00e4llningar via din webbl\u00e4sare.<\/p>\n<hr data-start=\"1738\" data-end=\"1741\" \/>\n<p data-start=\"1743\" data-end=\"1762\"><strong data-start=\"1743\" data-end=\"1762\">5. Datas\u00e4kerhet<\/strong><\/p>\n<p data-start=\"1764\" data-end=\"1898\">Vi implementerar strikta s\u00e4kerhets\u00e5tg\u00e4rder, inklusive kryptering och brandv\u00e4ggar, f\u00f6r att skydda dina uppgifter fr\u00e5n obeh\u00f6rig \u00e5tkomst.<\/p>\n<hr data-start=\"1900\" data-end=\"1903\" \/>\n<p data-start=\"1905\" data-end=\"1928\"><strong data-start=\"1905\" data-end=\"1928\">6. Dina r\u00e4ttigheter<\/strong><\/p>\n<p data-start=\"1930\" data-end=\"1946\">Du har r\u00e4tt att:<\/p>\n<ul data-start=\"1948\" data-end=\"2154\">\n<li data-start=\"1948\" data-end=\"2003\"><strong data-start=\"1950\" data-end=\"1961\">\u00c5tkomst<\/strong>: Beg\u00e4ra en kopia av dina personuppgifter.<\/li>\n<li data-start=\"2004\" data-end=\"2086\"><strong data-start=\"2006\" data-end=\"2033\">R\u00e4ttelse eller radering<\/strong>: Beg\u00e4ra \u00e4ndring eller borttagning av dina uppgifter.<\/li>\n<li data-start=\"2087\" data-end=\"2154\"><strong data-start=\"2089\" data-end=\"2114\">Avsluta prenumeration<\/strong>: Avs\u00e4ga dig marknadsf\u00f6ringsmeddelanden.<\/li>\n<\/ul>\n<p data-start=\"2156\" data-end=\"2227\">F\u00f6r fr\u00e5gor eller \u00e4ndringar, kontakta oss via e-post: <a rel=\"noopener\" data-start=\"2209\" data-end=\"2227\">info@promoprem.com<\/a><\/p>\n<hr data-start=\"2229\" data-end=\"2232\" \/>\n<p data-start=\"2234\" data-end=\"2271\"><strong data-start=\"2234\" data-end=\"2271\">7. \u00c4ndringar i integritetspolicyn<\/strong><\/p>\n<p data-start=\"2273\" data-end=\"2425\">Vi kan uppdatera denna integritetspolicy d\u00e5 och d\u00e5 och kommer att publicera \u00e4ndringarna p\u00e5 denna sida. Vi rekommenderar att du granskar den regelbundet.<\/p>\n<p data-start=\"2427\" data-end=\"2509\">Har du n\u00e5gra fr\u00e5gor? Kontakta oss via <a rel=\"noopener\" data-start=\"2465\" data-end=\"2483\">info@promoprem.com<\/a>, s\u00e5 hj\u00e4lper vi dig g\u00e4rna!<\/p>\n<p data-start=\"2511\" data-end=\"2592\">Tack f\u00f6r att du v\u00e4ljer Promo Prem \u2013 vi \u00e4r engagerade i att skydda din integritet!<\/p>\t\t\t\t\t\t\t\t<\/div>\n\t\t\t\t<\/div>\n\t\t\t\t\t<\/div>\n\t\t\t\t<\/div>\n\t\t\t\t<\/div>","protected":false},"excerpt":{"rendered":"<p>Senast uppdaterad: 2025-03-08 P\u00e5 Promo Prem v\u00e4rdes\u00e4tter vi v\u00e5ra kunders och bes\u00f6kares integritet. Denna sida f\u00f6rklarar hur vi samlar in, anv\u00e4nder och skyddar dina personuppgifter n\u00e4r du anv\u00e4nder v\u00e5r webbplats och v\u00e5ra tj\u00e4nster. 1. Insamling av information N\u00e4r du anv\u00e4nder v\u00e5r webbplats kan vi samla in f\u00f6ljande data: Information du tillhandah\u00e5ller direkt: Som namn, e-postadress, [&hellip;]<\/p>","protected":false},"author":1,"featured_media":0,"parent":0,"menu_order":0,"comment_status":"closed","ping_status":"closed","template":"","meta":{"footnotes":""},"class_list":["post-3","page","type-page","status-publish","hentry"],"blocksy_meta":[],"_links":{"self":[{"href":"https:\/\/promoprem.com\/ar\/wp-json\/wp\/v2\/pages\/3","targetHints":{"allow":["GET"]}}],"collection":[{"href":"https:\/\/promoprem.com\/ar\/wp-json\/wp\/v2\/pages"}],"about":[{"href":"https:\/\/promoprem.com\/ar\/wp-json\/wp\/v2\/types\/page"}],"author":[{"embeddable":true,"href":"https:\/\/promoprem.com\/ar\/wp-json\/wp\/v2\/users\/1"}],"replies":[{"embeddable":true,"href":"https:\/\/promoprem.com\/ar\/wp-json\/wp\/v2\/comments?post=3"}],"version-history":[{"count":8,"href":"https:\/\/promoprem.com\/ar\/wp-json\/wp\/v2\/pages\/3\/revisions"}],"predecessor-version":[{"id":1737,"href":"https:\/\/promoprem.com\/ar\/wp-json\/wp\/v2\/pages\/3\/revisions\/1737"}],"wp:attachment":[{"href":"https:\/\/promoprem.com\/ar\/wp-json\/wp\/v2\/media?parent=3"}],"curies":[{"name":"wp","href":"https:\/\/api.w.org\/{rel}","templated":true}]}}