{"id":1691,"date":"2025-03-17T20:28:16","date_gmt":"2025-03-17T18:28:16","guid":{"rendered":"https:\/\/promoprem.com\/?post_type=product&#038;p=1691"},"modified":"2025-03-18T18:17:59","modified_gmt":"2025-03-18T16:17:59","slug":"guld-fargat-omslagspapper-10-kg","status":"publish","type":"product","link":"https:\/\/promoprem.com\/ar\/product\/guld-fargat-omslagspapper-10-kg\/","title":{"rendered":"\u0648\u0631\u0642 \u062a\u063a\u0644\u064a\u0641 \u0630\u0647\u0628\u064a \u0627\u0644\u0644\u0648\u0646 - 10 \u0643\u062c\u0645"},"content":{"rendered":"","protected":false},"excerpt":{"rendered":"<p>H\u00f6gkvalitativt guldf\u00e4rgat omslagspapper, perfekt f\u00f6r eleganta och exklusiva f\u00f6rpackningar.<\/p>\n<p><em>Bilden \u00e4r symbolisk och den faktiska produkten kan variera beroende p\u00e5 material, storlek och kundens best\u00e4llning.<br \/>\nPriserna visas p\u00e5 webbplatsen i egyptiska pund, men du kan v\u00e4lja \u00f6nskad valuta vid betalning. Vi accepterar alla valutor.<br \/>\n<\/em><\/p>","protected":false},"featured_media":1693,"comment_status":"open","ping_status":"closed","template":"","meta":[],"product_brand":[],"product_cat":[15,19],"product_tag":[],"class_list":{"0":"post-1691","1":"product","2":"type-product","3":"status-publish","4":"has-post-thumbnail","6":"product_cat-alla-produkter","7":"product_cat-forpackningsmaterial","9":"first","10":"instock","11":"shipping-taxable","12":"purchasable","13":"product-type-simple"},"_links":{"self":[{"href":"https:\/\/promoprem.com\/ar\/wp-json\/wp\/v2\/product\/1691","targetHints":{"allow":["GET"]}}],"collection":[{"href":"https:\/\/promoprem.com\/ar\/wp-json\/wp\/v2\/product"}],"about":[{"href":"https:\/\/promoprem.com\/ar\/wp-json\/wp\/v2\/types\/product"}],"replies":[{"embeddable":true,"href":"https:\/\/promoprem.com\/ar\/wp-json\/wp\/v2\/comments?post=1691"}],"wp:featuredmedia":[{"embeddable":true,"href":"https:\/\/promoprem.com\/ar\/wp-json\/wp\/v2\/media\/1693"}],"wp:attachment":[{"href":"https:\/\/promoprem.com\/ar\/wp-json\/wp\/v2\/media?parent=1691"}],"wp:term":[{"taxonomy":"product_brand","embeddable":true,"href":"https:\/\/promoprem.com\/ar\/wp-json\/wp\/v2\/product_brand?post=1691"},{"taxonomy":"product_cat","embeddable":true,"href":"https:\/\/promoprem.com\/ar\/wp-json\/wp\/v2\/product_cat?post=1691"},{"taxonomy":"product_tag","embeddable":true,"href":"https:\/\/promoprem.com\/ar\/wp-json\/wp\/v2\/product_tag?post=1691"}],"curies":[{"name":"wp","href":"https:\/\/api.w.org\/{rel}","templated":true}]}}