{"id":1696,"date":"2025-03-17T20:52:25","date_gmt":"2025-03-17T18:52:25","guid":{"rendered":"https:\/\/promoprem.com\/?post_type=product&#038;p=1696"},"modified":"2025-05-30T14:33:18","modified_gmt":"2025-05-30T13:33:18","slug":"skraddarsydda-tryckta-pappersomslag-4000-st","status":"publish","type":"product","link":"https:\/\/promoprem.com\/ar\/product\/skraddarsydda-tryckta-pappersomslag-4000-st\/","title":{"rendered":"\u0623\u063a\u0644\u0641\u0629 \u0648\u0631\u0642\u064a\u0629 \u0645\u0637\u0628\u0648\u0639\u0629 \u062d\u0633\u0628 \u0627\u0644\u0637\u0644\u0628 - 4000 \u0642\u0637\u0639\u0629"},"content":{"rendered":"","protected":false},"excerpt":{"rendered":"<p>H\u00f6gkvalitativa pappersomslag med specialdesign. Perfekta f\u00f6r branding och f\u00f6rpackning.<br data-start=\"138\" data-end=\"141\" \/><strong data-start=\"141\" data-end=\"150\">M\u00e5tt:<\/strong> 27 cm \u00d7 7 cm.<\/p>\n<p><em>Bilden \u00e4r symbolisk och den faktiska produkten kan variera beroende p\u00e5 material, storlek och kundens best\u00e4llning.<br \/>\nPriserna visas p\u00e5 webbplatsen i egyptiska pund, men du kan v\u00e4lja \u00f6nskad valuta vid betalning. Vi accepterar alla valutor.<br \/>\n<\/em><\/p>","protected":false},"featured_media":1697,"comment_status":"open","ping_status":"closed","template":"","meta":[],"product_brand":[],"product_cat":[15,19,18],"product_tag":[],"class_list":{"0":"post-1696","1":"product","2":"type-product","3":"status-publish","4":"has-post-thumbnail","6":"product_cat-alla-produkter","7":"product_cat-forpackningsmaterial","8":"product_cat-trycksaker","10":"first","11":"instock","12":"shipping-taxable","13":"purchasable","14":"product-type-simple"},"_links":{"self":[{"href":"https:\/\/promoprem.com\/ar\/wp-json\/wp\/v2\/product\/1696","targetHints":{"allow":["GET"]}}],"collection":[{"href":"https:\/\/promoprem.com\/ar\/wp-json\/wp\/v2\/product"}],"about":[{"href":"https:\/\/promoprem.com\/ar\/wp-json\/wp\/v2\/types\/product"}],"replies":[{"embeddable":true,"href":"https:\/\/promoprem.com\/ar\/wp-json\/wp\/v2\/comments?post=1696"}],"wp:featuredmedia":[{"embeddable":true,"href":"https:\/\/promoprem.com\/ar\/wp-json\/wp\/v2\/media\/1697"}],"wp:attachment":[{"href":"https:\/\/promoprem.com\/ar\/wp-json\/wp\/v2\/media?parent=1696"}],"wp:term":[{"taxonomy":"product_brand","embeddable":true,"href":"https:\/\/promoprem.com\/ar\/wp-json\/wp\/v2\/product_brand?post=1696"},{"taxonomy":"product_cat","embeddable":true,"href":"https:\/\/promoprem.com\/ar\/wp-json\/wp\/v2\/product_cat?post=1696"},{"taxonomy":"product_tag","embeddable":true,"href":"https:\/\/promoprem.com\/ar\/wp-json\/wp\/v2\/product_tag?post=1696"}],"curies":[{"name":"wp","href":"https:\/\/api.w.org\/{rel}","templated":true}]}}