{"id":1811,"date":"2025-04-23T17:31:53","date_gmt":"2025-04-23T16:31:53","guid":{"rendered":"https:\/\/promoprem.com\/?post_type=product&#038;p=1811"},"modified":"2025-04-23T17:33:24","modified_gmt":"2025-04-23T16:33:24","slug":"omslag-design","status":"publish","type":"product","link":"https:\/\/promoprem.com\/ar\/product\/omslag-design\/","title":{"rendered":"\u062a\u0635\u0645\u064a\u0645 \u0627\u0644\u063a\u0644\u0627\u0641"},"content":{"rendered":"<p>Ge dina livsmedelsprodukter ett starkt f\u00f6rsta intryck med v\u00e5r professionella grafiska design f\u00f6r f\u00f6rpackningar. Vi skapar unika<\/p>","protected":false},"excerpt":{"rendered":"<p><em><strong>Ge dina livsmedelsprodukter ett starkt f\u00f6rsta intryck med v\u00e5r professionella grafiska design f\u00f6r f\u00f6rpackningar. Vi skapar unika, varum\u00e4rkesanpassade designteman som \u00e4r f\u00e4rdiga f\u00f6r tryck och anpassade till olika material som plast, papper eller etiketter. V\u00e5rt fokus ligger p\u00e5 tydlig kommunikation, visuellt tilltalande utseende och att hj\u00e4lpa dig sticka ut p\u00e5 marknaden. Perfekt f\u00f6r b\u00e5de nya produkter och rebranding av befintliga.<\/strong><\/em><\/p>","protected":false},"featured_media":1808,"comment_status":"open","ping_status":"closed","template":"","meta":[],"product_brand":[],"product_cat":[15],"product_tag":[],"class_list":{"0":"post-1811","1":"product","2":"type-product","3":"status-publish","4":"has-post-thumbnail","6":"product_cat-alla-produkter","8":"first","9":"instock","10":"shipping-taxable","11":"purchasable","12":"product-type-simple"},"_links":{"self":[{"href":"https:\/\/promoprem.com\/ar\/wp-json\/wp\/v2\/product\/1811","targetHints":{"allow":["GET"]}}],"collection":[{"href":"https:\/\/promoprem.com\/ar\/wp-json\/wp\/v2\/product"}],"about":[{"href":"https:\/\/promoprem.com\/ar\/wp-json\/wp\/v2\/types\/product"}],"replies":[{"embeddable":true,"href":"https:\/\/promoprem.com\/ar\/wp-json\/wp\/v2\/comments?post=1811"}],"wp:featuredmedia":[{"embeddable":true,"href":"https:\/\/promoprem.com\/ar\/wp-json\/wp\/v2\/media\/1808"}],"wp:attachment":[{"href":"https:\/\/promoprem.com\/ar\/wp-json\/wp\/v2\/media?parent=1811"}],"wp:term":[{"taxonomy":"product_brand","embeddable":true,"href":"https:\/\/promoprem.com\/ar\/wp-json\/wp\/v2\/product_brand?post=1811"},{"taxonomy":"product_cat","embeddable":true,"href":"https:\/\/promoprem.com\/ar\/wp-json\/wp\/v2\/product_cat?post=1811"},{"taxonomy":"product_tag","embeddable":true,"href":"https:\/\/promoprem.com\/ar\/wp-json\/wp\/v2\/product_tag?post=1811"}],"curies":[{"name":"wp","href":"https:\/\/api.w.org\/{rel}","templated":true}]}}