{"id":1817,"date":"2025-05-08T21:52:38","date_gmt":"2025-05-08T20:52:38","guid":{"rendered":"https:\/\/promoprem.com\/?post_type=product&#038;p=1817"},"modified":"2025-05-08T21:53:38","modified_gmt":"2025-05-08T20:53:38","slug":"chokladforpackningsdesign","status":"publish","type":"product","link":"https:\/\/promoprem.com\/ar\/product\/chokladforpackningsdesign\/","title":{"rendered":"\u062a\u0635\u0645\u064a\u0645 \u0639\u0628\u0648\u0627\u062a \u0627\u0644\u0634\u0648\u0643\u0648\u0644\u0627\u062a\u0629"},"content":{"rendered":"<p style=\"text-align: left\">Vi erbjuder professionella designtj\u00e4nster inom reklam och marknadsf\u00f6ring, med s\u00e4rskilt fokus p\u00e5 design av produkt- och livsmedelsf\u00f6rpackningar. V\u00e5rt team kombinerar kreativitet och erfarenhet f\u00f6r att s\u00e4kerst\u00e4lla att f\u00f6rpackningsdesignen speglar produktens identitet och f\u00e5ngar uppm\u00e4rksamheten p\u00e5 en konkurrensutsatt marknad. L\u00e5t oss hj\u00e4lpa dig att lyfta fram din produkt med unika och stilrena f\u00f6rpackningar som st\u00e4rker ditt varum\u00e4rke<\/p>\n<p class=\"\" style=\"text-align: left\" data-start=\"391\" data-end=\"696\">Vi har tecknat ett avtal med <strong data-start=\"420\" data-end=\"439\">Sofia Choklad<\/strong> i Sverige f\u00f6r att designa en m\u00e5ngsidig kollektion av f\u00f6rpackningar f\u00f6r varum\u00e4rke<strong data-start=\"522\" data-end=\"541\">\u00a0Dubai Choklad <\/strong>. Samarbetet syftar till att skapa exklusiva och eleganta f\u00f6rpackningar som speglar produktens identitet och st\u00e4rker dess n\u00e4rvaro p\u00e5 den globala marknaden.<\/p>","protected":false},"excerpt":{"rendered":"<p>Vi erbjuder professionella designtj\u00e4nster inom reklam och marknadsf\u00f6ring, med s\u00e4rskilt fokus p\u00e5 design av produkt- och livsmedelsf\u00f6rpackningar. V\u00e5rt team kombinerar kreativitet och erfarenhet f\u00f6r att s\u00e4kerst\u00e4lla att f\u00f6rpackningsdesignen speglar produktens identitet och f\u00e5ngar uppm\u00e4rksamheten p\u00e5 en konkurrensutsatt marknad. L\u00e5t oss hj\u00e4lpa dig att lyfta fram din produkt med unika och stilrena f\u00f6rpackningar som st\u00e4rker ditt [&hellip;]<\/p>","protected":false},"featured_media":1818,"comment_status":"open","ping_status":"closed","template":"","meta":[],"product_brand":[],"product_cat":[15],"product_tag":[],"class_list":{"0":"post-1817","1":"product","2":"type-product","3":"status-publish","4":"has-post-thumbnail","6":"product_cat-alla-produkter","8":"first","9":"instock","10":"shipping-taxable","11":"purchasable","12":"product-type-simple"},"_links":{"self":[{"href":"https:\/\/promoprem.com\/ar\/wp-json\/wp\/v2\/product\/1817","targetHints":{"allow":["GET"]}}],"collection":[{"href":"https:\/\/promoprem.com\/ar\/wp-json\/wp\/v2\/product"}],"about":[{"href":"https:\/\/promoprem.com\/ar\/wp-json\/wp\/v2\/types\/product"}],"replies":[{"embeddable":true,"href":"https:\/\/promoprem.com\/ar\/wp-json\/wp\/v2\/comments?post=1817"}],"wp:featuredmedia":[{"embeddable":true,"href":"https:\/\/promoprem.com\/ar\/wp-json\/wp\/v2\/media\/1818"}],"wp:attachment":[{"href":"https:\/\/promoprem.com\/ar\/wp-json\/wp\/v2\/media?parent=1817"}],"wp:term":[{"taxonomy":"product_brand","embeddable":true,"href":"https:\/\/promoprem.com\/ar\/wp-json\/wp\/v2\/product_brand?post=1817"},{"taxonomy":"product_cat","embeddable":true,"href":"https:\/\/promoprem.com\/ar\/wp-json\/wp\/v2\/product_cat?post=1817"},{"taxonomy":"product_tag","embeddable":true,"href":"https:\/\/promoprem.com\/ar\/wp-json\/wp\/v2\/product_tag?post=1817"}],"curies":[{"name":"wp","href":"https:\/\/api.w.org\/{rel}","templated":true}]}}