{"id":1829,"date":"2025-06-11T21:21:46","date_gmt":"2025-06-11T20:21:46","guid":{"rendered":"https:\/\/promoprem.com\/?post_type=product&#038;p=1829"},"modified":"2025-06-11T21:28:54","modified_gmt":"2025-06-11T20:28:54","slug":"%f0%9f%8e%81-professionellt-designpaket-for-livsmedelsprodukter","status":"publish","type":"product","link":"https:\/\/promoprem.com\/ar\/product\/%f0%9f%8e%81-professionellt-designpaket-for-livsmedelsprodukter\/","title":{"rendered":"\ud83c\udf81 \u062d\u0632\u0645\u0629 \u062a\u0635\u0645\u064a\u0645 \u0627\u062d\u062a\u0631\u0627\u0641\u064a\u0629 \u0644\u0644\u0645\u0646\u062a\u062c\u0627\u062a \u0627\u0644\u063a\u0630\u0627\u0626\u064a\u0629"},"content":{"rendered":"<h3 data-start=\"73\" data-end=\"130\">\ud83c\udf81 \u062d\u0632\u0645\u0629 \u062a\u0635\u0645\u064a\u0645 \u0627\u062d\u062a\u0631\u0627\u0641\u064a\u0629 \u0644\u0644\u0645\u0646\u062a\u062c\u0627\u062a \u0627\u0644\u063a\u0630\u0627\u0626\u064a\u0629<\/h3>\n<p data-start=\"132\" data-end=\"264\">Skapa en stark visuell identitet f\u00f6r ditt varum\u00e4rke inom livsmedelsbranschen!<br data-start=\"209\" data-end=\"212\" \/>Vi erbjuder ett komplett designpaket som inkluderar:<\/p>\n<p data-start=\"266\" data-end=\"552\">\u2705 <strong data-start=\"268\" data-end=\"319\">Design av f\u00f6rpackningar f\u00f6r livsmedelsprodukter<\/strong> med h\u00f6g kvalitet och kreativ touch<br data-start=\"354\" data-end=\"357\" \/>\u2705 <strong data-start=\"359\" data-end=\"376\">Rollup-design<\/strong> anpassad f\u00f6r f\u00f6retag, butiker, kontor och fabriker<br data-start=\"427\" data-end=\"430\" \/>\u2705 Design som speglar ditt varum\u00e4rkes identitet och ger ett professionellt intryck<br data-start=\"511\" data-end=\"514\" \/>\u2705 Tryckf\u00e4rdiga filer i h\u00f6gsta kvalitet<\/p>\n<p data-start=\"554\" data-end=\"719\">\ud83d\udce6 Det h\u00e4r paketet \u00e4r perfekt f\u00f6r alla f\u00f6retag som vill sticka ut i livsmedelsmarknaden med en <strong data-start=\"649\" data-end=\"673\">stark visuell profil<\/strong>.<br data-start=\"674\" data-end=\"677\" \/>L\u00e5t din produkt lysa bland konkurrenterna!<\/p>","protected":false},"excerpt":{"rendered":"<p>\ud83c\udf81 Professionellt designpaket f\u00f6r livsmedelsprodukter Skapa en stark visuell identitet f\u00f6r ditt varum\u00e4rke inom livsmedelsbranschen!Vi erbjuder ett komplett designpaket som inkluderar: \u2705 Design av f\u00f6rpackningar f\u00f6r livsmedelsprodukter med h\u00f6g kvalitet och kreativ touch\u2705 Rollup-design anpassad f\u00f6r f\u00f6retag, butiker, kontor och fabriker\u2705 Design som speglar ditt varum\u00e4rkes identitet och ger ett professionellt intryck\u2705 Tryckf\u00e4rdiga filer i [&hellip;]<\/p>","protected":false},"featured_media":1834,"comment_status":"open","ping_status":"closed","template":"","meta":[],"product_brand":[],"product_cat":[15],"product_tag":[],"class_list":{"0":"post-1829","1":"product","2":"type-product","3":"status-publish","4":"has-post-thumbnail","6":"product_cat-alla-produkter","8":"first","9":"instock","10":"shipping-taxable","11":"purchasable","12":"product-type-simple"},"_links":{"self":[{"href":"https:\/\/promoprem.com\/ar\/wp-json\/wp\/v2\/product\/1829","targetHints":{"allow":["GET"]}}],"collection":[{"href":"https:\/\/promoprem.com\/ar\/wp-json\/wp\/v2\/product"}],"about":[{"href":"https:\/\/promoprem.com\/ar\/wp-json\/wp\/v2\/types\/product"}],"replies":[{"embeddable":true,"href":"https:\/\/promoprem.com\/ar\/wp-json\/wp\/v2\/comments?post=1829"}],"wp:featuredmedia":[{"embeddable":true,"href":"https:\/\/promoprem.com\/ar\/wp-json\/wp\/v2\/media\/1834"}],"wp:attachment":[{"href":"https:\/\/promoprem.com\/ar\/wp-json\/wp\/v2\/media?parent=1829"}],"wp:term":[{"taxonomy":"product_brand","embeddable":true,"href":"https:\/\/promoprem.com\/ar\/wp-json\/wp\/v2\/product_brand?post=1829"},{"taxonomy":"product_cat","embeddable":true,"href":"https:\/\/promoprem.com\/ar\/wp-json\/wp\/v2\/product_cat?post=1829"},{"taxonomy":"product_tag","embeddable":true,"href":"https:\/\/promoprem.com\/ar\/wp-json\/wp\/v2\/product_tag?post=1829"}],"curies":[{"name":"wp","href":"https:\/\/api.w.org\/{rel}","templated":true}]}}