{"id":1851,"date":"2025-07-12T21:58:00","date_gmt":"2025-07-12T19:58:00","guid":{"rendered":"https:\/\/promoprem.com\/?post_type=product&#038;p=1851"},"modified":"2025-07-12T22:04:16","modified_gmt":"2025-07-12T20:04:16","slug":"starka-visuella-identiteter-som-far-din-verkstad-att-sticka-ut","status":"publish","type":"product","link":"https:\/\/promoprem.com\/ar\/product\/starka-visuella-identiteter-som-far-din-verkstad-att-sticka-ut\/","title":{"rendered":"\u0647\u0648\u064a\u0627\u062a \u0628\u0635\u0631\u064a\u0629 \u0642\u0648\u064a\u0629 \u062a\u062c\u0639\u0644 \u0648\u0631\u0634\u0629 \u0627\u0644\u0639\u0645\u0644 \u0627\u0644\u062e\u0627\u0635\u0629 \u0628\u0643 \u0645\u0645\u064a\u0632\u0629"},"content":{"rendered":"<p><strong>Skr\u00e4ddarsydda logotyper och visuella identiteter f\u00f6r fordonsbranschen och mer Vi erbjuder unika logotyper och grafiska designl\u00f6sningar anpassade f\u00f6r olika branscher \u2013 s\u00e4rskilt inom bilservice, verkst\u00e4der och rostfritt st\u00e5larbete. Med v\u00e5ra genomt\u00e4nkta och kreativa visuella koncept hj\u00e4lper vi ditt f\u00f6retag att sticka ut, skapa f\u00f6rtroende och ge ett professionellt f\u00f6rsta intryck. Oavsett om du driver en bilverkstad, jobbar med reparationer eller n\u00e5got annat inom fordonsindustrin, s\u00e5 hj\u00e4lper vi dig att bygga en stark och smart visuell identitet som speglar din verksamhet p\u00e5 b\u00e4sta s\u00e4tt<\/strong><\/p>","protected":false},"excerpt":{"rendered":"<p>Skr\u00e4ddarsydda logotyper och visuella identiteter f\u00f6r fordonsbranschen och mer Vi erbjuder unika logotyper och grafiska designl\u00f6sningar anpassade f\u00f6r olika branscher \u2013 s\u00e4rskilt inom bilservice, verkst\u00e4der och rostfritt st\u00e5larbete. Med v\u00e5ra genomt\u00e4nkta och kreativa visuella koncept hj\u00e4lper vi ditt f\u00f6retag att sticka ut, skapa f\u00f6rtroende och ge ett professionellt f\u00f6rsta intryck. Oavsett om du driver en [&hellip;]<\/p>","protected":false},"featured_media":1852,"comment_status":"open","ping_status":"closed","template":"","meta":[],"product_brand":[],"product_cat":[15],"product_tag":[],"class_list":{"0":"post-1851","1":"product","2":"type-product","3":"status-publish","4":"has-post-thumbnail","6":"product_cat-alla-produkter","8":"first","9":"instock","10":"shipping-taxable","11":"purchasable","12":"product-type-simple"},"_links":{"self":[{"href":"https:\/\/promoprem.com\/ar\/wp-json\/wp\/v2\/product\/1851","targetHints":{"allow":["GET"]}}],"collection":[{"href":"https:\/\/promoprem.com\/ar\/wp-json\/wp\/v2\/product"}],"about":[{"href":"https:\/\/promoprem.com\/ar\/wp-json\/wp\/v2\/types\/product"}],"replies":[{"embeddable":true,"href":"https:\/\/promoprem.com\/ar\/wp-json\/wp\/v2\/comments?post=1851"}],"wp:featuredmedia":[{"embeddable":true,"href":"https:\/\/promoprem.com\/ar\/wp-json\/wp\/v2\/media\/1852"}],"wp:attachment":[{"href":"https:\/\/promoprem.com\/ar\/wp-json\/wp\/v2\/media?parent=1851"}],"wp:term":[{"taxonomy":"product_brand","embeddable":true,"href":"https:\/\/promoprem.com\/ar\/wp-json\/wp\/v2\/product_brand?post=1851"},{"taxonomy":"product_cat","embeddable":true,"href":"https:\/\/promoprem.com\/ar\/wp-json\/wp\/v2\/product_cat?post=1851"},{"taxonomy":"product_tag","embeddable":true,"href":"https:\/\/promoprem.com\/ar\/wp-json\/wp\/v2\/product_tag?post=1851"}],"curies":[{"name":"wp","href":"https:\/\/api.w.org\/{rel}","templated":true}]}}