{"id":593,"date":"2021-04-14T11:25:10","date_gmt":"2021-04-14T11:25:10","guid":{"rendered":"https:\/\/startersites.io\/blocksy\/homi\/?post_type=product&#038;p=593"},"modified":"2025-03-17T21:30:14","modified_gmt":"2025-03-17T19:30:14","slug":"product-box","status":"publish","type":"product","link":"https:\/\/promoprem.com\/ar\/product\/product-box\/","title":{"rendered":"\u0635\u0646\u0627\u062f\u064a\u0642 \u062a\u063a\u0644\u064a\u0641 \u062d\u0633\u0628 \u0627\u0644\u0637\u0644\u0628 - 1000 \u0642\u0637\u0639\u0629 \u0628\u062b\u0644\u0627\u062b\u0629 \u0623\u062d\u062c\u0627\u0645 \u0645\u062e\u062a\u0644\u0641\u0629"},"content":{"rendered":"<p data-start=\"141\" data-end=\"244\">\u2728 Ge dina produkter en professionell touch med skr\u00e4ddarsydda l\u00e5dor tryckta med ditt f\u00f6retags logotyp!<\/p>\n<h3 data-start=\"246\" data-end=\"274\">\u2705 <strong data-start=\"252\" data-end=\"272\">Produktdetaljer:<\/strong><\/h3>\n<ul data-start=\"275\" data-end=\"586\">\n<li data-start=\"275\" data-end=\"343\"><strong data-start=\"277\" data-end=\"306\">1000 h\u00f6gkvalitativa l\u00e5dor<\/strong> \u2013 Tillverkade med premiumstandard.<\/li>\n<li data-start=\"344\" data-end=\"405\"><strong data-start=\"346\" data-end=\"369\">Tre olika storlekar<\/strong> \u2013 F\u00f6r att passa dina olika behov.<\/li>\n<li data-start=\"406\" data-end=\"492\"><strong data-start=\"408\" data-end=\"428\">H\u00f6guppl\u00f6st tryck<\/strong> \u2013 Perfekt \u00e5tergivning av din logotyp och varum\u00e4rkesidentitet.<\/li>\n<li data-start=\"493\" data-end=\"586\"><strong data-start=\"495\" data-end=\"530\">Tillverkad av h\u00e5llbara material<\/strong> \u2013 F\u00f6r att skydda produkten och ge ett lyxigt intryck.<\/li>\n<\/ul>\n<p data-start=\"588\" data-end=\"672\">\ud83c\udf81 <strong data-start=\"591\" data-end=\"670\">Perfekt f\u00f6r lyxprodukter, presenter, sk\u00f6nhetsprodukter, elektronik och mer!<\/strong><\/p>\n<p data-start=\"674\" data-end=\"727\" data-is-last-node=\"\" data-is-only-node=\"\">\ud83d\ude80 <strong data-start=\"677\" data-end=\"727\" data-is-last-node=\"\">Best\u00e4ll nu och f\u00e5 din leverans snabbt via DHL!<\/p>\n<p><\/strong><em>Bilden \u00e4r symbolisk och den faktiska produkten kan variera beroende p\u00e5 material, storlek och kundens best\u00e4llning.<br \/>\n<\/em><em>Priserna visas p\u00e5 webbplatsen i egyptiska pund, men du kan v\u00e4lja \u00f6nskad valuta vid betalning. Vi accepterar alla valutor.<\/em><\/p>","protected":false},"excerpt":{"rendered":"<p data-start=\"141\" data-end=\"244\">\u2728 Ge dina produkter en professionell touch med skr\u00e4ddarsydda l\u00e5dor tryckta med ditt f\u00f6retags logotyp!<\/p>\n<h3 data-start=\"246\" data-end=\"274\">\u2705 <strong data-start=\"252\" data-end=\"272\">Produktdetaljer:<\/strong><\/h3>\n<ul data-start=\"275\" data-end=\"586\">\n<li data-start=\"275\" data-end=\"343\"><strong data-start=\"277\" data-end=\"306\">1000 h\u00f6gkvalitativa l\u00e5dor<\/strong> \u2013 Tillverkade med premiumstandard.<\/li>\n<li data-start=\"344\" data-end=\"405\"><strong data-start=\"346\" data-end=\"369\">Tre olika storlekar<\/strong> \u2013 F\u00f6r att passa dina olika behov.<\/li>\n<li data-start=\"406\" data-end=\"492\"><strong data-start=\"408\" data-end=\"428\">H\u00f6guppl\u00f6st tryck<\/strong> \u2013 Perfekt \u00e5tergivning av din logotyp och varum\u00e4rkesidentitet.<\/li>\n<li data-start=\"493\" data-end=\"586\"><strong data-start=\"495\" data-end=\"530\">Tillverkad av h\u00e5llbara material<\/strong> \u2013 F\u00f6r att skydda produkten och ge ett lyxigt intryck.<\/li>\n<\/ul>\n<p data-start=\"588\" data-end=\"672\">\ud83c\udf81 <strong data-start=\"591\" data-end=\"670\">Perfekt f\u00f6r lyxprodukter, presenter, sk\u00f6nhetsprodukter, elektronik och mer!<\/strong><\/p>\n<p data-start=\"674\" data-end=\"727\" data-is-last-node=\"\" data-is-only-node=\"\">\ud83d\ude80 <strong data-start=\"677\" data-end=\"727\" data-is-last-node=\"\">Best\u00e4ll nu och f\u00e5 din leverans snabbt via DHL!<\/strong><\/p>\n<p data-start=\"674\" data-end=\"727\" data-is-last-node=\"\" data-is-only-node=\"\">\n<p data-start=\"674\" data-end=\"727\" data-is-last-node=\"\" data-is-only-node=\"\"><em>Bilden \u00e4r symbolisk och den faktiska produkten kan variera beroende p\u00e5 material, storlek och kundens best\u00e4llning.<\/em><br \/>\n<em>Priserna visas p\u00e5 webbplatsen i egyptiska pund, men du kan v\u00e4lja \u00f6nskad valuta vid betalning. Vi accepterar alla valutor.<\/em><\/p>","protected":false},"featured_media":1594,"comment_status":"open","ping_status":"closed","template":"","meta":[],"product_brand":[],"product_cat":[15,19,18],"product_tag":[],"class_list":{"0":"post-593","1":"product","2":"type-product","3":"status-publish","4":"has-post-thumbnail","6":"product_cat-alla-produkter","7":"product_cat-forpackningsmaterial","8":"product_cat-trycksaker","10":"first","11":"instock","12":"shipping-taxable","13":"product-type-simple"},"_links":{"self":[{"href":"https:\/\/promoprem.com\/ar\/wp-json\/wp\/v2\/product\/593","targetHints":{"allow":["GET"]}}],"collection":[{"href":"https:\/\/promoprem.com\/ar\/wp-json\/wp\/v2\/product"}],"about":[{"href":"https:\/\/promoprem.com\/ar\/wp-json\/wp\/v2\/types\/product"}],"replies":[{"embeddable":true,"href":"https:\/\/promoprem.com\/ar\/wp-json\/wp\/v2\/comments?post=593"}],"wp:featuredmedia":[{"embeddable":true,"href":"https:\/\/promoprem.com\/ar\/wp-json\/wp\/v2\/media\/1594"}],"wp:attachment":[{"href":"https:\/\/promoprem.com\/ar\/wp-json\/wp\/v2\/media?parent=593"}],"wp:term":[{"taxonomy":"product_brand","embeddable":true,"href":"https:\/\/promoprem.com\/ar\/wp-json\/wp\/v2\/product_brand?post=593"},{"taxonomy":"product_cat","embeddable":true,"href":"https:\/\/promoprem.com\/ar\/wp-json\/wp\/v2\/product_cat?post=593"},{"taxonomy":"product_tag","embeddable":true,"href":"https:\/\/promoprem.com\/ar\/wp-json\/wp\/v2\/product_tag?post=593"}],"curies":[{"name":"wp","href":"https:\/\/api.w.org\/{rel}","templated":true}]}}