{"id":596,"date":"2021-04-14T11:49:26","date_gmt":"2021-04-14T11:49:26","guid":{"rendered":"https:\/\/startersites.io\/blocksy\/homi\/?post_type=product&#038;p=596"},"modified":"2025-03-17T21:33:02","modified_gmt":"2025-03-17T19:33:02","slug":"personal-cards","status":"publish","type":"product","link":"https:\/\/promoprem.com\/ar\/product\/personal-cards\/","title":{"rendered":"\u0628\u0637\u0627\u0642\u0627\u062a \u0639\u0645\u0644 \u0634\u062e\u0635\u064a\u0629 - 1000 \u0642\u0637\u0639\u0629 \u0628\u0637\u0628\u0627\u0639\u0629 \u0639\u0627\u0644\u064a\u0629 \u0627\u0644\u062c\u0648\u062f\u0629 - \u0628\u0637\u0627\u0642\u0627\u062a \u0639\u0645\u0644 \u0634\u062e\u0635\u064a\u0629 - 1000 \u0642\u0637\u0639\u0629"},"content":{"rendered":"<p data-start=\"129\" data-end=\"289\">\u2728 <strong data-start=\"131\" data-end=\"165\">G\u00f6r ett starkt f\u00f6rsta intryck!<\/strong> Skaffa <strong data-start=\"173\" data-end=\"202\">1000 personliga visitkort<\/strong> med professionell design och h\u00f6gkvalitativt tryck som speglar din f\u00f6retagsidentitet.<\/p>\n<h3 data-start=\"291\" data-end=\"319\">\u2705 <strong data-start=\"297\" data-end=\"317\">Produktdetaljer:<\/strong><\/h3>\n<ul data-start=\"320\" data-end=\"620\">\n<li data-start=\"320\" data-end=\"397\"><strong data-start=\"322\" data-end=\"353\">Offsettryck av h\u00f6g kvalitet<\/strong> \u2013 F\u00f6r levande f\u00e4rger och exakta detaljer.<\/li>\n<li data-start=\"398\" data-end=\"469\"><strong data-start=\"400\" data-end=\"430\">Lyxigt och h\u00e5llbart papper<\/strong> \u2013 Ger korten ett exklusivt utseende.<\/li>\n<li data-start=\"470\" data-end=\"548\"><strong data-start=\"472\" data-end=\"505\">Flera ytbehandlingsalternativ<\/strong> \u2013 Glansigt, matt eller strukturerad yta.<\/li>\n<li data-start=\"549\" data-end=\"620\"><strong data-start=\"551\" data-end=\"585\">M\u00f6jlighet till anpassad design<\/strong> \u2013 Skr\u00e4ddarsydd efter dina behov.<\/li>\n<\/ul>\n<p data-start=\"622\" data-end=\"697\">\ud83c\udfaf <strong data-start=\"625\" data-end=\"695\">Perfekt f\u00f6r f\u00f6retagare, f\u00f6retag och frilansare som vill sticka ut!<\/strong><\/p>\n<p data-start=\"699\" data-end=\"771\" data-is-last-node=\"\" data-is-only-node=\"\">\ud83d\ude80 <strong data-start=\"702\" data-end=\"771\" data-is-last-node=\"\">Best\u00e4ll nu och f\u00e5 din leverans inom n\u00e5gra dagar med expressfrakt!<\/strong><\/p>\n<p data-start=\"699\" data-end=\"771\" data-is-last-node=\"\" data-is-only-node=\"\">\n<p data-start=\"699\" data-end=\"771\" data-is-last-node=\"\" data-is-only-node=\"\"><em>Bilden \u00e4r symbolisk och den faktiska produkten kan variera beroende p\u00e5 material, storlek och kundens best\u00e4llning.<br \/>\nPriserna visas p\u00e5 webbplatsen i egyptiska pund, men du kan v\u00e4lja \u00f6nskad valuta vid betalning. Vi accepterar alla valutor.<\/em><\/p>","protected":false},"excerpt":{"rendered":"<p data-start=\"129\" data-end=\"289\">\u2728 <strong data-start=\"131\" data-end=\"165\">G\u00f6r ett starkt f\u00f6rsta intryck!<\/strong> Skaffa <strong data-start=\"173\" data-end=\"202\">1000 personliga visitkort<\/strong> med professionell design och h\u00f6gkvalitativt tryck som speglar din f\u00f6retagsidentitet.<\/p>\n<h3 data-start=\"291\" data-end=\"319\">\u2705 <strong data-start=\"297\" data-end=\"317\">Produktdetaljer:<\/strong><\/h3>\n<ul data-start=\"320\" data-end=\"620\">\n<li data-start=\"320\" data-end=\"397\"><strong data-start=\"322\" data-end=\"353\">Offsettryck av h\u00f6g kvalitet<\/strong> \u2013 F\u00f6r levande f\u00e4rger och exakta detaljer.<\/li>\n<li data-start=\"398\" data-end=\"469\"><strong data-start=\"400\" data-end=\"430\">Lyxigt och h\u00e5llbart papper<\/strong> \u2013 Ger korten ett exklusivt utseende.<\/li>\n<li data-start=\"470\" data-end=\"548\"><strong data-start=\"472\" data-end=\"505\">Flera ytbehandlingsalternativ<\/strong> \u2013 Glansigt, matt eller strukturerad yta.<\/li>\n<li data-start=\"549\" data-end=\"620\"><strong data-start=\"551\" data-end=\"585\">M\u00f6jlighet till anpassad design<\/strong> \u2013 Skr\u00e4ddarsydd efter dina behov.<\/li>\n<\/ul>\n<p data-start=\"622\" data-end=\"697\">\ud83c\udfaf <strong data-start=\"625\" data-end=\"695\">Perfekt f\u00f6r f\u00f6retagare, f\u00f6retag och frilansare som vill sticka ut!<\/strong><\/p>\n<p data-start=\"699\" data-end=\"771\" data-is-last-node=\"\" data-is-only-node=\"\">\ud83d\ude80 <strong data-start=\"702\" data-end=\"771\" data-is-last-node=\"\">Best\u00e4ll nu och f\u00e5 din leverans inom n\u00e5gra dagar med expressfrakt!<\/strong><\/p>\n<p data-start=\"699\" data-end=\"771\" data-is-last-node=\"\" data-is-only-node=\"\">\n<p data-start=\"699\" data-end=\"771\" data-is-last-node=\"\" data-is-only-node=\"\"><em>Bilden \u00e4r symbolisk och den faktiska produkten kan variera beroende p\u00e5 material, storlek och kundens best\u00e4llning.<br \/>\nPriserna visas p\u00e5 webbplatsen i egyptiska pund, men du kan v\u00e4lja \u00f6nskad valuta vid betalning. Vi accepterar alla valutor.<\/em><\/p>","protected":false},"featured_media":1592,"comment_status":"open","ping_status":"closed","template":"","meta":[],"product_brand":[],"product_cat":[15,18],"product_tag":[],"class_list":{"0":"post-596","1":"product","2":"type-product","3":"status-publish","4":"has-post-thumbnail","6":"product_cat-alla-produkter","7":"product_cat-trycksaker","9":"first","10":"instock","11":"shipping-taxable","12":"product-type-simple"},"_links":{"self":[{"href":"https:\/\/promoprem.com\/ar\/wp-json\/wp\/v2\/product\/596","targetHints":{"allow":["GET"]}}],"collection":[{"href":"https:\/\/promoprem.com\/ar\/wp-json\/wp\/v2\/product"}],"about":[{"href":"https:\/\/promoprem.com\/ar\/wp-json\/wp\/v2\/types\/product"}],"replies":[{"embeddable":true,"href":"https:\/\/promoprem.com\/ar\/wp-json\/wp\/v2\/comments?post=596"}],"wp:featuredmedia":[{"embeddable":true,"href":"https:\/\/promoprem.com\/ar\/wp-json\/wp\/v2\/media\/1592"}],"wp:attachment":[{"href":"https:\/\/promoprem.com\/ar\/wp-json\/wp\/v2\/media?parent=596"}],"wp:term":[{"taxonomy":"product_brand","embeddable":true,"href":"https:\/\/promoprem.com\/ar\/wp-json\/wp\/v2\/product_brand?post=596"},{"taxonomy":"product_cat","embeddable":true,"href":"https:\/\/promoprem.com\/ar\/wp-json\/wp\/v2\/product_cat?post=596"},{"taxonomy":"product_tag","embeddable":true,"href":"https:\/\/promoprem.com\/ar\/wp-json\/wp\/v2\/product_tag?post=596"}],"curies":[{"name":"wp","href":"https:\/\/api.w.org\/{rel}","templated":true}]}}